{"id":78,"date":"2024-12-21T23:57:14","date_gmt":"2024-12-21T22:57:14","guid":{"rendered":"https:\/\/sos-parcoursup.fr\/?page_id=78"},"modified":"2025-01-31T13:04:10","modified_gmt":"2025-01-31T12:04:10","slug":"jai-besoin-daide","status":"publish","type":"page","link":"https:\/\/sos-parcoursup.fr\/?page_id=78","title":{"rendered":"J&rsquo;ai besoin d&rsquo;aide."},"content":{"rendered":"\n<br><br><p>Tu as un doute, une question, une erreur sur la plateforme, besoin d\u2019aide ?<\/p>\n<p>Contacte nous gr\u00e2ce au formulaire de contact afin que nous puissions ensemble trouver des r\u00e9ponses !<\/p>\n<form action=\"https:\/\/formspree.io\/f\/myzzgbgq\" method=\"POST\">\n<p><label>Ton mail:<input name=\"email\" type=\"email\"><\/label><\/p>\n<p><label>Nom pr\u00e9nom:<input name=\"text\" type=\"text\"><br><\/label><\/p>\n<p><label><br>Ton t\u00e9l\u00e9phone:<input name=\"phone\" type=\"phone\"><br><\/label><\/p>\n<p><label>Identifiant Parcoursup (facultatif):<input name=\"text\" type=\"text\"><br><\/label><\/p>\n<p><label>Ann\u00e9e d&rsquo;\u00e9tude:<input name=\"number\" type=\"number\"><br><\/label><\/p>\n<p><label>Etablissement d&rsquo;origine:<input name=\"text\" type=\"text\"><br><\/label><\/p>\n<p><label>Acad\u00e9mie d&rsquo;origine:<input name=\"text\" type=\"text\"><br><\/label><\/p>\n<p><label>Ton probl\u00e8me:<textarea name=\"message\"><\/textarea><br><\/label><\/p>\n<p><!-- your other form fields go here --><br><button type=\"submit\">Send<\/button><\/p>\n<\/form>\n\n\n\n<p><\/p>\n","protected":false},"excerpt":{"rendered":"<p>Tu as un doute, une question, une erreur sur la plateforme, besoin d\u2019aide ? Contacte nous gr\u00e2ce au formulaire de contact afin que nous puissions ensemble trouver des r\u00e9ponses ! Ton mail: Nom pr\u00e9nom: Ton t\u00e9l\u00e9phone: Identifiant Parcoursup (facultatif): Ann\u00e9e d&rsquo;\u00e9tude: Etablissement d&rsquo;origine: Acad\u00e9mie d&rsquo;origine: Ton probl\u00e8me: Send<\/p>\n","protected":false},"author":1,"featured_media":0,"parent":0,"menu_order":0,"comment_status":"closed","ping_status":"closed","template":"","meta":{"footnotes":""},"class_list":["post-78","page","type-page","status-publish","hentry"],"yoast_head":"<!-- This site is optimized with the Yoast SEO plugin v24.1 - https:\/\/yoast.com\/wordpress\/plugins\/seo\/ -->\n<title>J&#039;ai besoin d&#039;aide. - SOS Parcoursup<\/title>\n<meta name=\"robots\" content=\"index, follow, max-snippet:-1, max-image-preview:large, max-video-preview:-1\" \/>\n<link rel=\"canonical\" href=\"https:\/\/sos-parcoursup.fr\/?page_id=78\" \/>\n<meta property=\"og:locale\" content=\"fr_FR\" \/>\n<meta property=\"og:type\" content=\"article\" \/>\n<meta property=\"og:title\" content=\"J&#039;ai besoin d&#039;aide. - SOS Parcoursup\" \/>\n<meta property=\"og:description\" content=\"Tu as un doute, une question, une erreur sur la plateforme, besoin d\u2019aide ? Contacte nous gr\u00e2ce au formulaire de contact afin que nous puissions ensemble trouver des r\u00e9ponses ! Ton mail: Nom pr\u00e9nom: Ton t\u00e9l\u00e9phone: Identifiant Parcoursup (facultatif): Ann\u00e9e d&rsquo;\u00e9tude: Etablissement d&rsquo;origine: Acad\u00e9mie d&rsquo;origine: Ton probl\u00e8me: Send\" \/>\n<meta property=\"og:url\" content=\"https:\/\/sos-parcoursup.fr\/?page_id=78\" \/>\n<meta property=\"og:site_name\" content=\"SOS Parcoursup\" \/>\n<meta property=\"article:publisher\" content=\"https:\/\/www.facebook.com\/fage.org\/\" \/>\n<meta property=\"article:modified_time\" content=\"2025-01-31T12:04:10+00:00\" \/>\n<meta property=\"og:image\" content=\"https:\/\/sos-parcoursup.fr\/wp-content\/uploads\/2025\/01\/cropped-SOS-PARCOURSUP-Logo-colore.png\" \/>\n\t<meta property=\"og:image:width\" content=\"512\" \/>\n\t<meta property=\"og:image:height\" content=\"512\" \/>\n\t<meta property=\"og:image:type\" content=\"image\/png\" \/>\n<meta name=\"twitter:card\" content=\"summary_large_image\" \/>\n<meta name=\"twitter:site\" content=\"@La_FAGE\" \/>\n<script type=\"application\/ld+json\" class=\"yoast-schema-graph\">{\"@context\":\"https:\/\/schema.org\",\"@graph\":[{\"@type\":\"WebPage\",\"@id\":\"https:\/\/sos-parcoursup.fr\/?page_id=78\",\"url\":\"https:\/\/sos-parcoursup.fr\/?page_id=78\",\"name\":\"J'ai besoin d'aide. - SOS Parcoursup\",\"isPartOf\":{\"@id\":\"http:\/\/sos-parcoursup.fr\/#website\"},\"datePublished\":\"2024-12-21T22:57:14+00:00\",\"dateModified\":\"2025-01-31T12:04:10+00:00\",\"breadcrumb\":{\"@id\":\"https:\/\/sos-parcoursup.fr\/?page_id=78#breadcrumb\"},\"inLanguage\":\"fr-FR\",\"potentialAction\":[{\"@type\":\"ReadAction\",\"target\":[\"https:\/\/sos-parcoursup.fr\/?page_id=78\"]}]},{\"@type\":\"BreadcrumbList\",\"@id\":\"https:\/\/sos-parcoursup.fr\/?page_id=78#breadcrumb\",\"itemListElement\":[{\"@type\":\"ListItem\",\"position\":1,\"name\":\"Accueil\",\"item\":\"http:\/\/sos-parcoursup.fr\/\"},{\"@type\":\"ListItem\",\"position\":2,\"name\":\"J&rsquo;ai besoin d&rsquo;aide.\"}]},{\"@type\":\"WebSite\",\"@id\":\"http:\/\/sos-parcoursup.fr\/#website\",\"url\":\"http:\/\/sos-parcoursup.fr\/\",\"name\":\"SOS Parcoursup\",\"description\":\"\",\"publisher\":{\"@id\":\"http:\/\/sos-parcoursup.fr\/#organization\"},\"potentialAction\":[{\"@type\":\"SearchAction\",\"target\":{\"@type\":\"EntryPoint\",\"urlTemplate\":\"http:\/\/sos-parcoursup.fr\/?s={search_term_string}\"},\"query-input\":{\"@type\":\"PropertyValueSpecification\",\"valueRequired\":true,\"valueName\":\"search_term_string\"}}],\"inLanguage\":\"fr-FR\"},{\"@type\":\"Organization\",\"@id\":\"http:\/\/sos-parcoursup.fr\/#organization\",\"name\":\"SOS Parcoursup\",\"alternateName\":\"SOS Parcoursup\",\"url\":\"http:\/\/sos-parcoursup.fr\/\",\"logo\":{\"@type\":\"ImageObject\",\"inLanguage\":\"fr-FR\",\"@id\":\"http:\/\/sos-parcoursup.fr\/#\/schema\/logo\/image\/\",\"url\":\"https:\/\/sos-parcoursup.fr\/wp-content\/uploads\/2025\/01\/cropped-SOS-PARCOURSUP-Logo-colore.png\",\"contentUrl\":\"https:\/\/sos-parcoursup.fr\/wp-content\/uploads\/2025\/01\/cropped-SOS-PARCOURSUP-Logo-colore.png\",\"width\":512,\"height\":512,\"caption\":\"SOS Parcoursup\"},\"image\":{\"@id\":\"http:\/\/sos-parcoursup.fr\/#\/schema\/logo\/image\/\"},\"sameAs\":[\"https:\/\/www.facebook.com\/fage.org\/\",\"https:\/\/x.com\/La_FAGE\"]}]}<\/script>\n<!-- \/ Yoast SEO plugin. -->","yoast_head_json":{"title":"J'ai besoin d'aide. - SOS Parcoursup","robots":{"index":"index","follow":"follow","max-snippet":"max-snippet:-1","max-image-preview":"max-image-preview:large","max-video-preview":"max-video-preview:-1"},"canonical":"https:\/\/sos-parcoursup.fr\/?page_id=78","og_locale":"fr_FR","og_type":"article","og_title":"J'ai besoin d'aide. - SOS Parcoursup","og_description":"Tu as un doute, une question, une erreur sur la plateforme, besoin d\u2019aide ? Contacte nous gr\u00e2ce au formulaire de contact afin que nous puissions ensemble trouver des r\u00e9ponses ! Ton mail: Nom pr\u00e9nom: Ton t\u00e9l\u00e9phone: Identifiant Parcoursup (facultatif): Ann\u00e9e d&rsquo;\u00e9tude: Etablissement d&rsquo;origine: Acad\u00e9mie d&rsquo;origine: Ton probl\u00e8me: Send","og_url":"https:\/\/sos-parcoursup.fr\/?page_id=78","og_site_name":"SOS Parcoursup","article_publisher":"https:\/\/www.facebook.com\/fage.org\/","article_modified_time":"2025-01-31T12:04:10+00:00","og_image":[{"width":512,"height":512,"url":"https:\/\/sos-parcoursup.fr\/wp-content\/uploads\/2025\/01\/cropped-SOS-PARCOURSUP-Logo-colore.png","type":"image\/png"}],"twitter_card":"summary_large_image","twitter_site":"@La_FAGE","schema":{"@context":"https:\/\/schema.org","@graph":[{"@type":"WebPage","@id":"https:\/\/sos-parcoursup.fr\/?page_id=78","url":"https:\/\/sos-parcoursup.fr\/?page_id=78","name":"J'ai besoin d'aide. - SOS Parcoursup","isPartOf":{"@id":"http:\/\/sos-parcoursup.fr\/#website"},"datePublished":"2024-12-21T22:57:14+00:00","dateModified":"2025-01-31T12:04:10+00:00","breadcrumb":{"@id":"https:\/\/sos-parcoursup.fr\/?page_id=78#breadcrumb"},"inLanguage":"fr-FR","potentialAction":[{"@type":"ReadAction","target":["https:\/\/sos-parcoursup.fr\/?page_id=78"]}]},{"@type":"BreadcrumbList","@id":"https:\/\/sos-parcoursup.fr\/?page_id=78#breadcrumb","itemListElement":[{"@type":"ListItem","position":1,"name":"Accueil","item":"http:\/\/sos-parcoursup.fr\/"},{"@type":"ListItem","position":2,"name":"J&rsquo;ai besoin d&rsquo;aide."}]},{"@type":"WebSite","@id":"http:\/\/sos-parcoursup.fr\/#website","url":"http:\/\/sos-parcoursup.fr\/","name":"SOS Parcoursup","description":"","publisher":{"@id":"http:\/\/sos-parcoursup.fr\/#organization"},"potentialAction":[{"@type":"SearchAction","target":{"@type":"EntryPoint","urlTemplate":"http:\/\/sos-parcoursup.fr\/?s={search_term_string}"},"query-input":{"@type":"PropertyValueSpecification","valueRequired":true,"valueName":"search_term_string"}}],"inLanguage":"fr-FR"},{"@type":"Organization","@id":"http:\/\/sos-parcoursup.fr\/#organization","name":"SOS Parcoursup","alternateName":"SOS Parcoursup","url":"http:\/\/sos-parcoursup.fr\/","logo":{"@type":"ImageObject","inLanguage":"fr-FR","@id":"http:\/\/sos-parcoursup.fr\/#\/schema\/logo\/image\/","url":"https:\/\/sos-parcoursup.fr\/wp-content\/uploads\/2025\/01\/cropped-SOS-PARCOURSUP-Logo-colore.png","contentUrl":"https:\/\/sos-parcoursup.fr\/wp-content\/uploads\/2025\/01\/cropped-SOS-PARCOURSUP-Logo-colore.png","width":512,"height":512,"caption":"SOS Parcoursup"},"image":{"@id":"http:\/\/sos-parcoursup.fr\/#\/schema\/logo\/image\/"},"sameAs":["https:\/\/www.facebook.com\/fage.org\/","https:\/\/x.com\/La_FAGE"]}]}},"_links":{"self":[{"href":"https:\/\/sos-parcoursup.fr\/index.php?rest_route=\/wp\/v2\/pages\/78","targetHints":{"allow":["GET"]}}],"collection":[{"href":"https:\/\/sos-parcoursup.fr\/index.php?rest_route=\/wp\/v2\/pages"}],"about":[{"href":"https:\/\/sos-parcoursup.fr\/index.php?rest_route=\/wp\/v2\/types\/page"}],"author":[{"embeddable":true,"href":"https:\/\/sos-parcoursup.fr\/index.php?rest_route=\/wp\/v2\/users\/1"}],"replies":[{"embeddable":true,"href":"https:\/\/sos-parcoursup.fr\/index.php?rest_route=%2Fwp%2Fv2%2Fcomments&post=78"}],"version-history":[{"count":7,"href":"https:\/\/sos-parcoursup.fr\/index.php?rest_route=\/wp\/v2\/pages\/78\/revisions"}],"predecessor-version":[{"id":96,"href":"https:\/\/sos-parcoursup.fr\/index.php?rest_route=\/wp\/v2\/pages\/78\/revisions\/96"}],"wp:attachment":[{"href":"https:\/\/sos-parcoursup.fr\/index.php?rest_route=%2Fwp%2Fv2%2Fmedia&parent=78"}],"curies":[{"name":"wp","href":"https:\/\/api.w.org\/{rel}","templated":true}]}}